{"id":1139,"date":"2024-10-02T15:05:12","date_gmt":"2024-10-02T19:05:12","guid":{"rendered":"https:\/\/www.gslr.ca\/?page_id=1139"},"modified":"2026-04-07T16:50:09","modified_gmt":"2026-04-07T20:50:09","slug":"recreational-activities","status":"publish","type":"page","link":"https:\/\/www.gslr.ca\/en\/citizen-services\/cultural-and-recreational-activities\/recreational-activities\/","title":{"rendered":"Pickleball"},"content":{"rendered":"\n<figure class=\"wp-block-image size-large\"><img loading=\"lazy\" decoding=\"async\" width=\"1024\" height=\"683\" src=\"https:\/\/www.gslr.ca\/wp-content\/uploads\/2025\/07\/High-five-pickleball-1024x683.jpg\" alt=\"\" class=\"wp-image-2633\" srcset=\"https:\/\/www.gslr.ca\/wp-content\/uploads\/2025\/07\/High-five-pickleball-1024x683.jpg 1024w, https:\/\/www.gslr.ca\/wp-content\/uploads\/2025\/07\/High-five-pickleball-300x200.jpg 300w, https:\/\/www.gslr.ca\/wp-content\/uploads\/2025\/07\/High-five-pickleball-768x512.jpg 768w, https:\/\/www.gslr.ca\/wp-content\/uploads\/2025\/07\/High-five-pickleball-1536x1024.jpg 1536w, https:\/\/www.gslr.ca\/wp-content\/uploads\/2025\/07\/High-five-pickleball-2048x1365.jpg 2048w\" sizes=\"auto, (max-width: 1024px) 100vw, 1024px\" \/><figcaption class=\"screen-reader-text\">Pickleball<\/figcaption><\/figure>\n\n\n<div class=\"yoast-breadcrumbs\"><span class=\"breadcrumbs\"><a href=\"https:\/\/www.gslr.ca\/en\/\" class=\"breadcrumbs__element\">Accueil<\/a> <span class=\"breadcrumbs__separator\">\n        <svg class=\"icon icon-breadcrumb__separator\"><use xlink:href=\"#icon-breadcrumb__separator\"><\/use><\/svg>\n    <\/span> <a href=\"https:\/\/www.gslr.ca\/en\/citizen-services\/\" class=\"breadcrumbs__element\">Citizen Services<\/a> <span class=\"breadcrumbs__separator\">\n        <svg class=\"icon icon-breadcrumb__separator\"><use xlink:href=\"#icon-breadcrumb__separator\"><\/use><\/svg>\n    <\/span> <a href=\"https:\/\/www.gslr.ca\/en\/citizen-services\/cultural-and-recreational-activities\/\" class=\"breadcrumbs__element\">Cultural and Recreational Activities<\/a> <span class=\"breadcrumbs__separator\">\n        <svg class=\"icon icon-breadcrumb__separator\"><use xlink:href=\"#icon-breadcrumb__separator\"><\/use><\/svg>\n    <\/span> <span class=\"breadcrumbs__element breadcrumbs__element-current\">Pickleball<\/span><\/span><\/div>\n\n\n<div class=\"wp-block-media-text is-stacked-on-mobile is-style-classic-one-third\"><figure class=\"wp-block-media-text__media\"><img loading=\"lazy\" decoding=\"async\" width=\"1024\" height=\"762\" src=\"https:\/\/www.gslr.ca\/wp-content\/uploads\/2025\/07\/Raquettes-pickleball-2-edited-1024x762.jpg\" alt=\"\" class=\"wp-image-2641 size-full\" srcset=\"https:\/\/www.gslr.ca\/wp-content\/uploads\/2025\/07\/Raquettes-pickleball-2-edited-1024x762.jpg 1024w, https:\/\/www.gslr.ca\/wp-content\/uploads\/2025\/07\/Raquettes-pickleball-2-edited-300x223.jpg 300w, https:\/\/www.gslr.ca\/wp-content\/uploads\/2025\/07\/Raquettes-pickleball-2-edited-768x572.jpg 768w, https:\/\/www.gslr.ca\/wp-content\/uploads\/2025\/07\/Raquettes-pickleball-2-edited-1536x1144.jpg 1536w, https:\/\/www.gslr.ca\/wp-content\/uploads\/2025\/07\/Raquettes-pickleball-2-edited-2048x1525.jpg 2048w\" sizes=\"auto, (max-width: 1024px) 100vw, 1024px\" \/><\/figure><div class=\"wp-block-media-text__content\">\n<h2 class=\"wp-block-heading\" id=\"adult-pickleball\">Adult Pickleball<\/h2>\n\n\n\n<p class=\"wp-block-paragraph\"><\/p>\n<\/div><\/div>\n\n\n\n<p class=\"wp-block-paragraph\">Similar to tennis, pickleball is played with a solid paddle, which resembles a ping pong paddle, and a plastic ball, on a smaller tennis court. The activity is informal and the game is played in doubles.<\/p>\n\n\n\n<h3 class=\"wp-block-heading\" id=\"spring-2026\">SPRING 2026<\/h3>\n\n\n\n<p class=\"wp-block-paragraph\"><strong>8 weeks session<\/strong><\/p>\n\n\n\n<p class=\"wp-block-paragraph\"><strong><span style=\"text-decoration: underline;\">Schedule:<\/span><\/strong><br><strong>Tuesdays:<\/strong> April 21to June 11<br>6:30 to 8:30 pm<\/p>\n\n\n\n<p class=\"wp-block-paragraph\"><strong><span style=\"text-decoration: underline;\">Location:<\/span><\/strong><br>S\u00e9minaire du Sacr\u00e9-Coeur, 2738, 148 rd, Pointe-au-Ch\u00eane<\/p>\n\n\n\n<p class=\"wp-block-paragraph\"><span style=\"text-decoration: underline;\"><strong>Rates for the session<\/strong><\/span>:<br>Residents: 48$ (with proof of residency)<br>Non-residents: $56<\/p>\n\n\n\n<p class=\"wp-block-paragraph\">Participants must provide their own racket and balls.<\/p>\n\n\n\n<p class=\"wp-block-paragraph\"><strong>Registrations at the Town Hall <em>only<\/em><\/strong> &#8211; no on-site registreations will be accepted.<br>No reduces rates for late registration or individual classes.<br><strong>April 7 to 17<\/strong>, during Town Hall opening hours.<br>Payments accepted: cheque, cash, debit.<br><\/p>\n\n\n\n<p class=\"wp-block-paragraph\"><\/p>\n","protected":false},"excerpt":{"rendered":"<p>Adult Pickleball Similar to tennis, pickleball is played with a solid paddle, which resembles a ping pong paddle, and a plastic ball, on a smaller tennis court. The activity is informal and the game is played in doubles. SPRING 2026 8 weeks session Schedule:Tuesdays: April 21to June 116:30 to 8:30 pm Location:S\u00e9minaire du Sacr\u00e9-Coeur, 2738, [&hellip;]<\/p>\n","protected":false},"author":1,"featured_media":0,"parent":1116,"menu_order":4,"comment_status":"closed","ping_status":"closed","template":"","meta":{"_acf_changed":false,"_crdt_document":"","inline_featured_image":false,"footnotes":""},"class_list":["post-1139","page","type-page","status-publish","hentry"],"acf":[],"yoast_head":"<!-- This site is optimized with the Yoast SEO plugin v27.5 - https:\/\/yoast.com\/product\/yoast-seo-wordpress\/ -->\n<title>Pickleball - Municipality of Grenville-sur-la-Rouge<\/title>\n<meta name=\"description\" content=\"Recreational activities in Grenville-sur-la-Rouge and online registration.\" \/>\n<meta name=\"robots\" content=\"index, follow, max-snippet:-1, max-image-preview:large, max-video-preview:-1\" \/>\n<link rel=\"canonical\" href=\"https:\/\/www.gslr.ca\/en\/citizen-services\/cultural-and-recreational-activities\/recreational-activities\/\" \/>\n<meta property=\"og:locale\" content=\"en_US\" \/>\n<meta property=\"og:type\" content=\"article\" \/>\n<meta property=\"og:title\" content=\"Pickleball - Municipality of Grenville-sur-la-Rouge\" \/>\n<meta property=\"og:description\" content=\"Recreational activities in Grenville-sur-la-Rouge and online registration.\" \/>\n<meta property=\"og:url\" content=\"https:\/\/www.gslr.ca\/en\/citizen-services\/cultural-and-recreational-activities\/recreational-activities\/\" \/>\n<meta property=\"og:site_name\" content=\"Municipality of Grenville-sur-la-Rouge\" \/>\n<meta property=\"article:publisher\" content=\"https:\/\/www.facebook.com\/infogslr\" \/>\n<meta property=\"article:modified_time\" content=\"2026-04-07T20:50:09+00:00\" \/>\n<meta property=\"og:image\" content=\"https:\/\/www.gslr.ca\/wp-content\/uploads\/2025\/07\/High-five-pickleball-scaled.jpg\" \/>\n\t<meta property=\"og:image:width\" content=\"2560\" \/>\n\t<meta property=\"og:image:height\" content=\"1707\" \/>\n\t<meta property=\"og:image:type\" content=\"image\/jpeg\" \/>\n<meta name=\"twitter:card\" content=\"summary_large_image\" \/>\n<meta name=\"twitter:site\" content=\"@MunGSRL\" \/>\n<meta name=\"twitter:label1\" content=\"Est. reading time\" \/>\n\t<meta name=\"twitter:data1\" content=\"1 minute\" \/>\n<script type=\"application\/ld+json\" class=\"yoast-schema-graph\">{\n\t    \"@context\": \"https:\\\/\\\/schema.org\",\n\t    \"@graph\": [\n\t        {\n\t            \"@type\": \"WebPage\",\n\t            \"@id\": \"https:\\\/\\\/www.gslr.ca\\\/en\\\/citizen-services\\\/cultural-and-recreational-activities\\\/recreational-activities\\\/\",\n\t            \"url\": \"https:\\\/\\\/www.gslr.ca\\\/en\\\/citizen-services\\\/cultural-and-recreational-activities\\\/recreational-activities\\\/\",\n\t            \"name\": \"Pickleball - Municipality of Grenville-sur-la-Rouge\",\n\t            \"isPartOf\": {\n\t                \"@id\": \"https:\\\/\\\/www.gslr.ca\\\/#website\"\n\t            },\n\t            \"primaryImageOfPage\": {\n\t                \"@id\": \"https:\\\/\\\/www.gslr.ca\\\/en\\\/citizen-services\\\/cultural-and-recreational-activities\\\/recreational-activities\\\/#primaryimage\"\n\t            },\n\t            \"image\": {\n\t                \"@id\": \"https:\\\/\\\/www.gslr.ca\\\/en\\\/citizen-services\\\/cultural-and-recreational-activities\\\/recreational-activities\\\/#primaryimage\"\n\t            },\n\t            \"thumbnailUrl\": \"https:\\\/\\\/www.gslr.ca\\\/wp-content\\\/uploads\\\/2025\\\/07\\\/High-five-pickleball-1024x683.jpg\",\n\t            \"datePublished\": \"2024-10-02T19:05:12+00:00\",\n\t            \"dateModified\": \"2026-04-07T20:50:09+00:00\",\n\t            \"description\": \"Recreational activities in Grenville-sur-la-Rouge and online registration.\",\n\t            \"breadcrumb\": {\n\t                \"@id\": \"https:\\\/\\\/www.gslr.ca\\\/en\\\/citizen-services\\\/cultural-and-recreational-activities\\\/recreational-activities\\\/#breadcrumb\"\n\t            },\n\t            \"inLanguage\": \"en-CA\",\n\t            \"potentialAction\": [\n\t                {\n\t                    \"@type\": \"ReadAction\",\n\t                    \"target\": [\n\t                        \"https:\\\/\\\/www.gslr.ca\\\/en\\\/citizen-services\\\/cultural-and-recreational-activities\\\/recreational-activities\\\/\"\n\t                    ]\n\t                }\n\t            ]\n\t        },\n\t        {\n\t            \"@type\": \"ImageObject\",\n\t            \"inLanguage\": \"en-CA\",\n\t            \"@id\": \"https:\\\/\\\/www.gslr.ca\\\/en\\\/citizen-services\\\/cultural-and-recreational-activities\\\/recreational-activities\\\/#primaryimage\",\n\t            \"url\": \"https:\\\/\\\/www.gslr.ca\\\/wp-content\\\/uploads\\\/2025\\\/07\\\/High-five-pickleball-1024x683.jpg\",\n\t            \"contentUrl\": \"https:\\\/\\\/www.gslr.ca\\\/wp-content\\\/uploads\\\/2025\\\/07\\\/High-five-pickleball-1024x683.jpg\"\n\t        },\n\t        {\n\t            \"@type\": \"BreadcrumbList\",\n\t            \"@id\": \"https:\\\/\\\/www.gslr.ca\\\/en\\\/citizen-services\\\/cultural-and-recreational-activities\\\/recreational-activities\\\/#breadcrumb\",\n\t            \"itemListElement\": [\n\t                {\n\t                    \"@type\": \"ListItem\",\n\t                    \"position\": 1,\n\t                    \"name\": \"Accueil\",\n\t                    \"item\": \"https:\\\/\\\/www.gslr.ca\\\/en\\\/\"\n\t                },\n\t                {\n\t                    \"@type\": \"ListItem\",\n\t                    \"position\": 2,\n\t                    \"name\": \"Citizen Services\",\n\t                    \"item\": \"https:\\\/\\\/www.gslr.ca\\\/en\\\/citizen-services\\\/\"\n\t                },\n\t                {\n\t                    \"@type\": \"ListItem\",\n\t                    \"position\": 3,\n\t                    \"name\": \"Cultural and Recreational Activities\",\n\t                    \"item\": \"https:\\\/\\\/www.gslr.ca\\\/en\\\/citizen-services\\\/cultural-and-recreational-activities\\\/\"\n\t                },\n\t                {\n\t                    \"@type\": \"ListItem\",\n\t                    \"position\": 4,\n\t                    \"name\": \"Pickleball\"\n\t                }\n\t            ]\n\t        },\n\t        {\n\t            \"@type\": \"WebSite\",\n\t            \"@id\": \"https:\\\/\\\/www.gslr.ca\\\/#website\",\n\t            \"url\": \"https:\\\/\\\/www.gslr.ca\\\/\",\n\t            \"name\": \"Municipalit\u00e9 de Grenville-sur-la-Rouge\",\n\t            \"description\": \"\",\n\t            \"publisher\": {\n\t                \"@id\": \"https:\\\/\\\/www.gslr.ca\\\/#organization\"\n\t            },\n\t            \"potentialAction\": [\n\t                {\n\t                    \"@type\": \"SearchAction\",\n\t                    \"target\": {\n\t                        \"@type\": \"EntryPoint\",\n\t                        \"urlTemplate\": \"https:\\\/\\\/www.gslr.ca\\\/?s={search_term_string}\"\n\t                    },\n\t                    \"query-input\": {\n\t                        \"@type\": \"PropertyValueSpecification\",\n\t                        \"valueRequired\": true,\n\t                        \"valueName\": \"search_term_string\"\n\t                    }\n\t                }\n\t            ],\n\t            \"inLanguage\": \"en-CA\"\n\t        },\n\t        {\n\t            \"@type\": \"Organization\",\n\t            \"@id\": \"https:\\\/\\\/www.gslr.ca\\\/#organization\",\n\t            \"name\": \"Municipality of Grenville-sur-la-Rouge\",\n\t            \"url\": \"https:\\\/\\\/www.gslr.ca\\\/\",\n\t            \"logo\": {\n\t                \"@type\": \"ImageObject\",\n\t                \"inLanguage\": \"en-CA\",\n\t                \"@id\": \"https:\\\/\\\/www.gslr.ca\\\/#\\\/schema\\\/logo\\\/image\\\/\",\n\t                \"url\": \"https:\\\/\\\/www.gslr.ca\\\/wp-content\\\/uploads\\\/2024\\\/10\\\/Favicon.png\",\n\t                \"contentUrl\": \"https:\\\/\\\/www.gslr.ca\\\/wp-content\\\/uploads\\\/2024\\\/10\\\/Favicon.png\",\n\t                \"width\": 512,\n\t                \"height\": 512,\n\t                \"caption\": \"Municipality of Grenville-sur-la-Rouge\"\n\t            },\n\t            \"image\": {\n\t                \"@id\": \"https:\\\/\\\/www.gslr.ca\\\/#\\\/schema\\\/logo\\\/image\\\/\"\n\t            },\n\t            \"sameAs\": [\n\t                \"https:\\\/\\\/www.facebook.com\\\/infogslr\",\n\t                \"https:\\\/\\\/x.com\\\/MunGSRL\"\n\t            ]\n\t        }\n\t    ]\n\t}<\/script>\n<!-- \/ Yoast SEO plugin. -->","yoast_head_json":{"title":"Pickleball - Municipality of Grenville-sur-la-Rouge","description":"Recreational activities in Grenville-sur-la-Rouge and online registration.","robots":{"index":"index","follow":"follow","max-snippet":"max-snippet:-1","max-image-preview":"max-image-preview:large","max-video-preview":"max-video-preview:-1"},"canonical":"https:\/\/www.gslr.ca\/en\/citizen-services\/cultural-and-recreational-activities\/recreational-activities\/","og_locale":"en_US","og_type":"article","og_title":"Pickleball - Municipality of Grenville-sur-la-Rouge","og_description":"Recreational activities in Grenville-sur-la-Rouge and online registration.","og_url":"https:\/\/www.gslr.ca\/en\/citizen-services\/cultural-and-recreational-activities\/recreational-activities\/","og_site_name":"Municipality of Grenville-sur-la-Rouge","article_publisher":"https:\/\/www.facebook.com\/infogslr","article_modified_time":"2026-04-07T20:50:09+00:00","og_image":[{"width":2560,"height":1707,"url":"https:\/\/www.gslr.ca\/wp-content\/uploads\/2025\/07\/High-five-pickleball-scaled.jpg","type":"image\/jpeg"}],"twitter_card":"summary_large_image","twitter_site":"@MunGSRL","twitter_misc":{"Est. reading time":"1 minute"},"schema":{"@context":"https:\/\/schema.org","@graph":[{"@type":"WebPage","@id":"https:\/\/www.gslr.ca\/en\/citizen-services\/cultural-and-recreational-activities\/recreational-activities\/","url":"https:\/\/www.gslr.ca\/en\/citizen-services\/cultural-and-recreational-activities\/recreational-activities\/","name":"Pickleball - Municipality of Grenville-sur-la-Rouge","isPartOf":{"@id":"https:\/\/www.gslr.ca\/#website"},"primaryImageOfPage":{"@id":"https:\/\/www.gslr.ca\/en\/citizen-services\/cultural-and-recreational-activities\/recreational-activities\/#primaryimage"},"image":{"@id":"https:\/\/www.gslr.ca\/en\/citizen-services\/cultural-and-recreational-activities\/recreational-activities\/#primaryimage"},"thumbnailUrl":"https:\/\/www.gslr.ca\/wp-content\/uploads\/2025\/07\/High-five-pickleball-1024x683.jpg","datePublished":"2024-10-02T19:05:12+00:00","dateModified":"2026-04-07T20:50:09+00:00","description":"Recreational activities in Grenville-sur-la-Rouge and online registration.","breadcrumb":{"@id":"https:\/\/www.gslr.ca\/en\/citizen-services\/cultural-and-recreational-activities\/recreational-activities\/#breadcrumb"},"inLanguage":"en-CA","potentialAction":[{"@type":"ReadAction","target":["https:\/\/www.gslr.ca\/en\/citizen-services\/cultural-and-recreational-activities\/recreational-activities\/"]}]},{"@type":"ImageObject","inLanguage":"en-CA","@id":"https:\/\/www.gslr.ca\/en\/citizen-services\/cultural-and-recreational-activities\/recreational-activities\/#primaryimage","url":"https:\/\/www.gslr.ca\/wp-content\/uploads\/2025\/07\/High-five-pickleball-1024x683.jpg","contentUrl":"https:\/\/www.gslr.ca\/wp-content\/uploads\/2025\/07\/High-five-pickleball-1024x683.jpg"},{"@type":"BreadcrumbList","@id":"https:\/\/www.gslr.ca\/en\/citizen-services\/cultural-and-recreational-activities\/recreational-activities\/#breadcrumb","itemListElement":[{"@type":"ListItem","position":1,"name":"Accueil","item":"https:\/\/www.gslr.ca\/en\/"},{"@type":"ListItem","position":2,"name":"Citizen Services","item":"https:\/\/www.gslr.ca\/en\/citizen-services\/"},{"@type":"ListItem","position":3,"name":"Cultural and Recreational Activities","item":"https:\/\/www.gslr.ca\/en\/citizen-services\/cultural-and-recreational-activities\/"},{"@type":"ListItem","position":4,"name":"Pickleball"}]},{"@type":"WebSite","@id":"https:\/\/www.gslr.ca\/#website","url":"https:\/\/www.gslr.ca\/","name":"Municipalit\u00e9 de Grenville-sur-la-Rouge","description":"","publisher":{"@id":"https:\/\/www.gslr.ca\/#organization"},"potentialAction":[{"@type":"SearchAction","target":{"@type":"EntryPoint","urlTemplate":"https:\/\/www.gslr.ca\/?s={search_term_string}"},"query-input":{"@type":"PropertyValueSpecification","valueRequired":true,"valueName":"search_term_string"}}],"inLanguage":"en-CA"},{"@type":"Organization","@id":"https:\/\/www.gslr.ca\/#organization","name":"Municipality of Grenville-sur-la-Rouge","url":"https:\/\/www.gslr.ca\/","logo":{"@type":"ImageObject","inLanguage":"en-CA","@id":"https:\/\/www.gslr.ca\/#\/schema\/logo\/image\/","url":"https:\/\/www.gslr.ca\/wp-content\/uploads\/2024\/10\/Favicon.png","contentUrl":"https:\/\/www.gslr.ca\/wp-content\/uploads\/2024\/10\/Favicon.png","width":512,"height":512,"caption":"Municipality of Grenville-sur-la-Rouge"},"image":{"@id":"https:\/\/www.gslr.ca\/#\/schema\/logo\/image\/"},"sameAs":["https:\/\/www.facebook.com\/infogslr","https:\/\/x.com\/MunGSRL"]}]}},"_links":{"self":[{"href":"https:\/\/www.gslr.ca\/en\/wp-json\/wp\/v2\/pages\/1139","targetHints":{"allow":["GET"]}}],"collection":[{"href":"https:\/\/www.gslr.ca\/en\/wp-json\/wp\/v2\/pages"}],"about":[{"href":"https:\/\/www.gslr.ca\/en\/wp-json\/wp\/v2\/types\/page"}],"author":[{"embeddable":true,"href":"https:\/\/www.gslr.ca\/en\/wp-json\/wp\/v2\/users\/1"}],"replies":[{"embeddable":true,"href":"https:\/\/www.gslr.ca\/en\/wp-json\/wp\/v2\/comments?post=1139"}],"version-history":[{"count":5,"href":"https:\/\/www.gslr.ca\/en\/wp-json\/wp\/v2\/pages\/1139\/revisions"}],"predecessor-version":[{"id":4675,"href":"https:\/\/www.gslr.ca\/en\/wp-json\/wp\/v2\/pages\/1139\/revisions\/4675"}],"up":[{"embeddable":true,"href":"https:\/\/www.gslr.ca\/en\/wp-json\/wp\/v2\/pages\/1116"}],"wp:attachment":[{"href":"https:\/\/www.gslr.ca\/en\/wp-json\/wp\/v2\/media?parent=1139"}],"curies":[{"name":"wp","href":"https:\/\/api.w.org\/{rel}","templated":true}]}}