{"id":1188,"date":"2024-10-02T15:05:12","date_gmt":"2024-10-02T19:05:12","guid":{"rendered":"https:\/\/www.gslr.ca\/community-life-and-citizen-assistance\/organismes\/"},"modified":"2026-04-08T11:51:44","modified_gmt":"2026-04-08T15:51:44","slug":"organizations","status":"publish","type":"page","link":"https:\/\/www.gslr.ca\/en\/community-life-and-citizen-assistance\/organizations\/","title":{"rendered":"Organizations"},"content":{"rendered":"\n<figure class=\"wp-block-image alignfull size-full is-style-wave-under\"><img loading=\"lazy\" decoding=\"async\" width=\"2560\" height=\"1707\" src=\"https:\/\/www.gslr.ca\/wp-content\/uploads\/2024\/10\/0b3c2bb2e868bffb3a30f0e7a11ffd4c-scaled.jpeg\" alt=\"\" class=\"wp-image-259\" srcset=\"https:\/\/www.gslr.ca\/wp-content\/uploads\/2024\/10\/0b3c2bb2e868bffb3a30f0e7a11ffd4c-scaled.jpeg 2560w, https:\/\/www.gslr.ca\/wp-content\/uploads\/2024\/10\/0b3c2bb2e868bffb3a30f0e7a11ffd4c-300x200.jpeg 300w, https:\/\/www.gslr.ca\/wp-content\/uploads\/2024\/10\/0b3c2bb2e868bffb3a30f0e7a11ffd4c-1024x683.jpeg 1024w, https:\/\/www.gslr.ca\/wp-content\/uploads\/2024\/10\/0b3c2bb2e868bffb3a30f0e7a11ffd4c-768x512.jpeg 768w, https:\/\/www.gslr.ca\/wp-content\/uploads\/2024\/10\/0b3c2bb2e868bffb3a30f0e7a11ffd4c-1536x1024.jpeg 1536w, https:\/\/www.gslr.ca\/wp-content\/uploads\/2024\/10\/0b3c2bb2e868bffb3a30f0e7a11ffd4c-2048x1366.jpeg 2048w\" sizes=\"auto, (max-width: 2560px) 100vw, 2560px\" \/><figcaption class=\"screen-reader-text\">Organizations<\/figcaption><\/figure>\n\n\n<div class=\"yoast-breadcrumbs\"><span class=\"breadcrumbs\"><a href=\"https:\/\/www.gslr.ca\/en\/\" class=\"breadcrumbs__element\">Accueil<\/a> <span class=\"breadcrumbs__separator\">\n        <svg class=\"icon icon-breadcrumb__separator\"><use xlink:href=\"#icon-breadcrumb__separator\"><\/use><\/svg>\n    <\/span> <a href=\"https:\/\/www.gslr.ca\/en\/community-life-and-citizen-assistance\/\" class=\"breadcrumbs__element\">Community Life and Citizen Assistance<\/a> <span class=\"breadcrumbs__separator\">\n        <svg class=\"icon icon-breadcrumb__separator\"><use xlink:href=\"#icon-breadcrumb__separator\"><\/use><\/svg>\n    <\/span> <span class=\"breadcrumbs__element breadcrumbs__element-current\">Organizations<\/span><\/span><\/div>\n\n\n<h1 class=\"wp-block-heading\"><strong><strong>Organizations<\/strong><\/strong><\/h1>\n\n\n\n\n<p class=\"act-lead wp-block-paragraph\">Local organizations serving Grenville-sur-la-Rouge residents.<\/p>\n\n\n\n\n<h2 class=\"wp-block-heading\"><strong><strong>Senior Care<\/strong><\/strong><\/h2>\n\n\n\n<div class=\"act-collapsible\">\n<h3 class=\"wp-block-heading act-collapsible__heading\"><strong>Senior care in the Laurentians<\/strong><\/h3>\n\n\n\n<div class=\"act-collapsible__content\"><div class=\"act-collapsible__content-inner\">\n<p class=\"wp-block-paragraph\"><strong>Information and prevention to help improve seniors&#8217; quality of life.<\/strong><\/p>\n\n\n\n<p class=\"wp-block-paragraph\"><a href=\"mailto:info@prevoyanceaines.org\">info@prevoyanceaines.org<\/a><br><a href=\"tel:1-844-551-6032\">1-844-551-6032<\/a><\/p>\n\n\n\n<div class=\"wp-block-buttons is-layout-flex wp-block-buttons-is-layout-flex\">\n<div class=\"wp-block-button\"><a class=\"wp-block-button__link wp-element-button\" href=\"https:\/\/prevoyanceaines.org\/\">Senior care in the Laurentians website<\/a><\/div>\n<\/div>\n<\/div><\/div>\n<\/div>\n\n\n\n<div class=\"act-collapsible\">\n<h2 class=\"wp-block-heading act-collapsible__heading\" id=\"centre-daction-benevole-dargenteuil\">Centre d&#8217;action b\u00e9n\u00e9vole d&#8217;Argenteuil<\/h2>\n\n\n\n<div class=\"act-collapsible__content\"><div class=\"act-collapsible__content-inner\">\n<p class=\"wp-block-paragraph\"><strong>Meals-on-wheels, caregiver services, companionship and transportation for seniors, etc.<\/strong><\/p>\n\n\n\n<p class=\"wp-block-paragraph\">212 Wilson<br>Lachute, Qc<br>J8H 3J3<\/p>\n\n\n\n<p class=\"wp-block-paragraph\"><a href=\"tel:450-562-7447\">450-562-7447<\/a><br><a href=\"mailto:info@cabargenteuil.ca\">info@cabargenteuil.ca<\/a><\/p>\n\n\n\n<div class=\"wp-block-buttons is-layout-flex wp-block-buttons-is-layout-flex\">\n<div class=\"wp-block-button\"><a class=\"wp-block-button__link wp-element-button\" href=\"https:\/\/cabargenteuil.ca\/\">Centre d&#8217;action b\u00e9n\u00e9vole d&#8217;Argenteuil website<\/a><\/div>\n<\/div>\n<\/div><\/div>\n<\/div>\n\n\n\n<h2 class=\"wp-block-heading\"><strong><strong>Food Assistance<\/strong><\/strong><\/h2>\n\n\n\n<div class=\"act-collapsible\">\n<h3 class=\"wp-block-heading act-collapsible__heading\"><strong><strong>MRC Argenteuil West food distribution network<\/strong><\/strong><\/h3>\n\n\n\n<div class=\"act-collapsible__content\"><div class=\"act-collapsible__content-inner\">\n<p class=\"wp-block-paragraph\"><strong>Food assistance for people in need.<\/strong><\/p>\n\n\n\n<p class=\"wp-block-paragraph\">289 rue Principale,<br>Grenville, Qc<br>J0V 1J0<\/p>\n\n\n\n<p class=\"wp-block-paragraph\"><a href=\"tel:819-242-8762\">514-222-6605<\/a><br><a href=\"mailto:reseaudepannage2020@gmail.com\">reseaudepannage2020@gmail.com<\/a><\/p>\n\n\n\n<div class=\"wp-block-buttons is-layout-flex wp-block-buttons-is-layout-flex\">\n<div class=\"wp-block-button\"><a class=\"wp-block-button__link wp-element-button\" href=\"https:\/\/www.facebook.com\/p\/Le-r%C3%A9seau-de-d%C3%A9pannage-alimentaire-du-secteur-ouest-de-la-MRC-DArgenteuil-61550804856263\/\">Facebook page<\/a><\/div>\n<\/div>\n<\/div><\/div>\n<\/div>\n\n\n\n<div class=\"act-collapsible\">\n<h3 class=\"wp-block-heading act-collapsible__heading\"><strong><strong>Argenteuil Caf\u00e9 Partage<\/strong><\/strong><\/h3>\n\n\n\n<div class=\"act-collapsible__content\"><div class=\"act-collapsible__content-inner\">\n<p class=\"wp-block-paragraph\"><strong>Low-cost grocery store for all, vegetable and food baskets delivered to City Hall and Pointe-au-Ch\u00eane every week.<\/strong><\/p>\n\n\n\n<p class=\"wp-block-paragraph\">232 ave. B\u00e9thany,<br>Lachute, Qc,<br>J8H 2M8<\/p>\n\n\n\n<p class=\"wp-block-paragraph\"><a href=\"tel:450-562-0987\">450-562-0987<br><\/a><a href=\"mailto:cafepartage@bell.net\">cafepartage@bell.net<\/a><\/p>\n\n\n\n<div class=\"wp-block-buttons is-layout-flex wp-block-buttons-is-layout-flex\">\n<div class=\"wp-block-button\"><a class=\"wp-block-button__link wp-element-button\" href=\"https:\/\/www.cafepartage.com\/?fbclid=IwZXh0bgNhZW0CMTAAAR2BRGGso8SUXBpbzgo1Unsw1lVLdN5vaw1LWvqrUbLAmyk61WfxgHRC898_aem_g1mkr9YVc6cYaEtQdSC4fw\">Caf\u00e9 Partage website<\/a><\/div>\n\n\n\n<div class=\"wp-block-button is-style-outline is-style-outline--2\"><a class=\"wp-block-button__link wp-element-button\" href=\"https:\/\/www.facebook.com\/cafepartageargenteuil\/?locale=fr_CA\">Caf\u00e9 Partage d\u2019Argenteuil Facebook Page<\/a><\/div>\n<\/div>\n<\/div><\/div>\n<\/div>\n\n\n\n<h2 class=\"wp-block-heading\"><strong><strong>Literacy<\/strong><\/strong><\/h2>\n\n\n\n<div class=\"act-collapsible\">\n<h3 class=\"wp-block-heading act-collapsible__heading\"><strong><strong><strong>Argenteuil Maison Populaire<\/strong><\/strong><\/strong><\/h3>\n\n\n\n<div class=\"act-collapsible__content\"><div class=\"act-collapsible__content-inner\">\n<p class=\"wp-block-paragraph\"><strong>Services d\u2019alphab\u00e9tisation populaire en fran\u00e7ais<\/strong><\/p>\n\n\n\n<p class=\"wp-block-paragraph\">335, Principale,<br>Lachute, Qc<br>J8H 2Z7<\/p>\n\n\n\n<p class=\"wp-block-paragraph\"><a href=\"tel:450-562-1996\">450-562-1996<\/a><br><a href=\"mailto:direction@mpargenteuil.org\">direction@mpargenteuil.org<\/a><\/p>\n\n\n\n<div class=\"wp-block-buttons is-layout-flex wp-block-buttons-is-layout-flex\">\n<div class=\"wp-block-button\"><a class=\"wp-block-button__link wp-element-button\" href=\"https:\/\/www.facebook.com\/p\/Maison-populaire-dArgenteuil-100064514599809\/\">Argenteuil Maison Populaire Facebook Page<\/a><\/div>\n<\/div>\n<\/div><\/div>\n<\/div>\n\n\n\n<h2 class=\"wp-block-heading\"><strong><strong>Assistance for Children and You<\/strong><\/strong><\/h2>\n\n\n\n<div class=\"act-collapsible\">\n<h3 class=\"wp-block-heading act-collapsible__heading\"><strong><strong><strong><strong>Argenteuil Carrefour Jeunesse emploi<\/strong><\/strong><\/strong><\/strong><\/h3>\n\n\n\n<div class=\"act-collapsible__content\"><div class=\"act-collapsible__content-inner\">\n<p class=\"wp-block-paragraph\"><strong>Job search assistance for young people between 16 and 35.<\/strong><\/p>\n\n\n\n<p class=\"wp-block-paragraph\">483 Principale<br>Lachute, Qc<br>J8H 1Y5<\/p>\n\n\n\n<p class=\"wp-block-paragraph\"><a href=\"tel:450-566-5766\">450-566-5766<\/a><br><a href=\"mailto:info@cjea.org\">info@cjea.org<\/a><\/p>\n\n\n\n<div class=\"wp-block-buttons is-layout-flex wp-block-buttons-is-layout-flex\">\n<div class=\"wp-block-button\"><a class=\"wp-block-button__link wp-element-button\" href=\"https:\/\/cjea.org\/\">CJEA Website<\/a><\/div>\n\n\n\n<div class=\"wp-block-button is-style-outline is-style-outline--3\"><a class=\"wp-block-button__link wp-element-button\" href=\"https:\/\/www.facebook.com\/CJEArgenteuil\">CJEA Facebook Page<\/a><\/div>\n<\/div>\n<\/div><\/div>\n<\/div>\n\n\n\n<div class=\"act-collapsible\">\n<h3 class=\"wp-block-heading act-collapsible__heading\"><strong><strong><strong><strong><strong>Argenteuil Community Social Pediatric Center<\/strong><\/strong><\/strong><\/strong><\/strong><\/h3>\n\n\n\n<div class=\"act-collapsible__content\"><div class=\"act-collapsible__content-inner\">\n<p class=\"wp-block-paragraph\"><strong>Follow-up care with health professionals for vulnerable children.<\/strong><\/p>\n\n\n\n<p class=\"wp-block-paragraph\">79, Hammond<br>Lachute, Qc<br>J8H 2V2<\/p>\n\n\n\n<p class=\"wp-block-paragraph\"><a href=\"tel:579-791-0134\">579-791-0134<\/a><br><a href=\"mailto:info@cpscarrgenteuil.org\">info@cpscarrgenteuil.org<\/a><\/p>\n\n\n\n<div class=\"wp-block-buttons is-layout-flex wp-block-buttons-is-layout-flex\">\n<div class=\"wp-block-button\"><a class=\"wp-block-button__link wp-element-button\" href=\"https:\/\/cpscargenteuil.org\/\"><strong>Argenteuil Community Social Pediatric Center website<\/strong><\/a><\/div>\n<\/div>\n<\/div><\/div>\n<\/div>\n\n\n\n<h2 class=\"wp-block-heading\"><strong><strong>Help for Women<\/strong><\/strong><\/h2>\n\n\n\n<div class=\"act-collapsible\">\n<h3 class=\"wp-block-heading act-collapsible__heading\"><strong><strong><strong><strong><strong>La Cidad\u2019elle<\/strong><\/strong><\/strong><\/strong><\/strong><\/h3>\n\n\n\n<div class=\"act-collapsible__content\"><div class=\"act-collapsible__content-inner\">\n<p class=\"wp-block-paragraph\"><strong>Shelter for women victims of domestic violence.<\/strong><br>Lachute<\/p>\n\n\n\n<p class=\"wp-block-paragraph\"><a href=\"tel:450-562-7797\">450-562-7797<\/a><\/p>\n\n\n\n<div class=\"wp-block-buttons is-layout-flex wp-block-buttons-is-layout-flex\">\n<div class=\"wp-block-button\"><a class=\"wp-block-button__link wp-element-button\" href=\"https:\/\/citadellelachute.ca\/\">Website<\/a><\/div>\n<\/div>\n<\/div><\/div>\n<\/div>\n\n\n\n<h2 class=\"wp-block-heading\"><strong><strong>Immigrant Assistance<\/strong><\/strong><\/h2>\n\n\n\n<div class=\"act-collapsible\">\n<h3 class=\"wp-block-heading act-collapsible__heading\"><strong><strong><strong><strong><strong><strong><strong>Regional Immigration Centre<\/strong><\/strong><\/strong><\/strong><\/strong><\/strong><\/strong><\/h3>\n\n\n\n<div class=\"act-collapsible__content\"><div class=\"act-collapsible__content-inner\">\n<p class=\"wp-block-paragraph\"><strong>Immigrant integration, agricultural development, employment assistance, cultural and recreational activities.<\/strong><\/p>\n\n\n\n<p class=\"wp-block-paragraph\">442B, Principale<br>Grenville-sur-la-Rouge, Qc<br>J0V 1B0<\/p>\n\n\n\n<p class=\"wp-block-paragraph\"><a href=\"tel:450-612-2462\">450-612-2462<\/a><br><a href=\"mailto:centreimmigrationenregion@gmail.com\">centreimmigrationenregion@gmail.com<\/a><\/p>\n\n\n\n<div class=\"wp-block-buttons is-layout-flex wp-block-buttons-is-layout-flex\">\n<div class=\"wp-block-button\"><a class=\"wp-block-button__link wp-element-button\" href=\"http:\/\/www.centrepourlimmigrationenregion.org\/\">CIR website<\/a><\/div>\n\n\n\n<div class=\"wp-block-button is-style-outline is-style-outline--4\"><a class=\"wp-block-button__link wp-element-button\" href=\"https:\/\/www.facebook.com\/CentreImmigrationRegion\/?locale=fr_CA\">CIR Facebook page<\/a><\/div>\n<\/div>\n<\/div><\/div>\n<\/div>\n\n\n\n<p class=\"wp-block-paragraph\">To find other health and social service resources, visit the <a href=\"https:\/\/www.santelaurentides.gouv.qc.ca\/\">Centre int\u00e9gr\u00e9 de sant\u00e9 et de services sociaux des Laurentides<\/a> website.<\/p>\n","protected":false},"excerpt":{"rendered":"<p>Organizations Senior Care Food Assistance Literacy Assistance for Children and You Help for Women Immigrant Assistance To find other health and social service resources, visit the Centre int\u00e9gr\u00e9 de sant\u00e9 et de services sociaux des Laurentides website.<\/p>\n","protected":false},"author":1,"featured_media":0,"parent":1180,"menu_order":0,"comment_status":"closed","ping_status":"closed","template":"","meta":{"_acf_changed":false,"_crdt_document":"","inline_featured_image":false,"footnotes":""},"class_list":["post-1188","page","type-page","status-publish","hentry"],"acf":[],"yoast_head":"<!-- This site is optimized with the Yoast SEO plugin v27.3 - https:\/\/yoast.com\/product\/yoast-seo-wordpress\/ -->\n<title>Organizations - Municipality of Grenville-sur-la-Rouge<\/title>\n<meta name=\"description\" content=\"Local organizations serving Grenville-sur-la-Rouge residents.\" \/>\n<meta name=\"robots\" content=\"index, follow, max-snippet:-1, max-image-preview:large, max-video-preview:-1\" \/>\n<link rel=\"canonical\" href=\"https:\/\/www.gslr.ca\/en\/community-life-and-citizen-assistance\/organizations\/\" \/>\n<meta property=\"og:locale\" content=\"en_US\" \/>\n<meta property=\"og:type\" content=\"article\" \/>\n<meta property=\"og:title\" content=\"Organizations - Municipality of Grenville-sur-la-Rouge\" \/>\n<meta property=\"og:description\" content=\"Local organizations serving Grenville-sur-la-Rouge residents.\" \/>\n<meta property=\"og:url\" content=\"https:\/\/www.gslr.ca\/en\/community-life-and-citizen-assistance\/organizations\/\" \/>\n<meta property=\"og:site_name\" content=\"Municipality of Grenville-sur-la-Rouge\" \/>\n<meta property=\"article:publisher\" content=\"https:\/\/www.facebook.com\/infogslr\" \/>\n<meta property=\"article:modified_time\" content=\"2026-04-08T15:51:44+00:00\" \/>\n<meta property=\"og:image\" content=\"https:\/\/www.gslr.ca\/wp-content\/uploads\/2024\/10\/0b3c2bb2e868bffb3a30f0e7a11ffd4c-scaled.jpeg\" \/>\n\t<meta property=\"og:image:width\" content=\"2560\" \/>\n\t<meta property=\"og:image:height\" content=\"1707\" \/>\n\t<meta property=\"og:image:type\" content=\"image\/jpeg\" \/>\n<meta name=\"twitter:card\" content=\"summary_large_image\" \/>\n<meta name=\"twitter:site\" content=\"@MunGSRL\" \/>\n<meta name=\"twitter:label1\" content=\"Est. reading time\" \/>\n\t<meta name=\"twitter:data1\" content=\"2 minutes\" \/>\n<script type=\"application\/ld+json\" class=\"yoast-schema-graph\">{\n\t    \"@context\": \"https:\\\/\\\/schema.org\",\n\t    \"@graph\": [\n\t        {\n\t            \"@type\": \"WebPage\",\n\t            \"@id\": \"https:\\\/\\\/www.gslr.ca\\\/en\\\/community-life-and-citizen-assistance\\\/organizations\\\/\",\n\t            \"url\": \"https:\\\/\\\/www.gslr.ca\\\/en\\\/community-life-and-citizen-assistance\\\/organizations\\\/\",\n\t            \"name\": \"Organizations - Municipality of Grenville-sur-la-Rouge\",\n\t            \"isPartOf\": {\n\t                \"@id\": \"https:\\\/\\\/www.gslr.ca\\\/#website\"\n\t            },\n\t            \"primaryImageOfPage\": {\n\t                \"@id\": \"https:\\\/\\\/www.gslr.ca\\\/en\\\/community-life-and-citizen-assistance\\\/organizations\\\/#primaryimage\"\n\t            },\n\t            \"image\": {\n\t                \"@id\": \"https:\\\/\\\/www.gslr.ca\\\/en\\\/community-life-and-citizen-assistance\\\/organizations\\\/#primaryimage\"\n\t            },\n\t            \"thumbnailUrl\": \"https:\\\/\\\/www.gslr.ca\\\/wp-content\\\/uploads\\\/2024\\\/10\\\/0b3c2bb2e868bffb3a30f0e7a11ffd4c-scaled.jpeg\",\n\t            \"datePublished\": \"2024-10-02T19:05:12+00:00\",\n\t            \"dateModified\": \"2026-04-08T15:51:44+00:00\",\n\t            \"description\": \"Local organizations serving Grenville-sur-la-Rouge residents.\",\n\t            \"breadcrumb\": {\n\t                \"@id\": \"https:\\\/\\\/www.gslr.ca\\\/en\\\/community-life-and-citizen-assistance\\\/organizations\\\/#breadcrumb\"\n\t            },\n\t            \"inLanguage\": \"en-CA\",\n\t            \"potentialAction\": [\n\t                {\n\t                    \"@type\": \"ReadAction\",\n\t                    \"target\": [\n\t                        \"https:\\\/\\\/www.gslr.ca\\\/en\\\/community-life-and-citizen-assistance\\\/organizations\\\/\"\n\t                    ]\n\t                }\n\t            ]\n\t        },\n\t        {\n\t            \"@type\": \"ImageObject\",\n\t            \"inLanguage\": \"en-CA\",\n\t            \"@id\": \"https:\\\/\\\/www.gslr.ca\\\/en\\\/community-life-and-citizen-assistance\\\/organizations\\\/#primaryimage\",\n\t            \"url\": \"https:\\\/\\\/www.gslr.ca\\\/wp-content\\\/uploads\\\/2024\\\/10\\\/0b3c2bb2e868bffb3a30f0e7a11ffd4c-scaled.jpeg\",\n\t            \"contentUrl\": \"https:\\\/\\\/www.gslr.ca\\\/wp-content\\\/uploads\\\/2024\\\/10\\\/0b3c2bb2e868bffb3a30f0e7a11ffd4c-scaled.jpeg\"\n\t        },\n\t        {\n\t            \"@type\": \"BreadcrumbList\",\n\t            \"@id\": \"https:\\\/\\\/www.gslr.ca\\\/en\\\/community-life-and-citizen-assistance\\\/organizations\\\/#breadcrumb\",\n\t            \"itemListElement\": [\n\t                {\n\t                    \"@type\": \"ListItem\",\n\t                    \"position\": 1,\n\t                    \"name\": \"Accueil\",\n\t                    \"item\": \"https:\\\/\\\/www.gslr.ca\\\/en\\\/\"\n\t                },\n\t                {\n\t                    \"@type\": \"ListItem\",\n\t                    \"position\": 2,\n\t                    \"name\": \"Community Life and Citizen Assistance\",\n\t                    \"item\": \"https:\\\/\\\/www.gslr.ca\\\/en\\\/community-life-and-citizen-assistance\\\/\"\n\t                },\n\t                {\n\t                    \"@type\": \"ListItem\",\n\t                    \"position\": 3,\n\t                    \"name\": \"Organizations\"\n\t                }\n\t            ]\n\t        },\n\t        {\n\t            \"@type\": \"WebSite\",\n\t            \"@id\": \"https:\\\/\\\/www.gslr.ca\\\/#website\",\n\t            \"url\": \"https:\\\/\\\/www.gslr.ca\\\/\",\n\t            \"name\": \"Municipalit\u00e9 de Grenville-sur-la-Rouge\",\n\t            \"description\": \"\",\n\t            \"publisher\": {\n\t                \"@id\": \"https:\\\/\\\/www.gslr.ca\\\/#organization\"\n\t            },\n\t            \"potentialAction\": [\n\t                {\n\t                    \"@type\": \"SearchAction\",\n\t                    \"target\": {\n\t                        \"@type\": \"EntryPoint\",\n\t                        \"urlTemplate\": \"https:\\\/\\\/www.gslr.ca\\\/?s={search_term_string}\"\n\t                    },\n\t                    \"query-input\": {\n\t                        \"@type\": \"PropertyValueSpecification\",\n\t                        \"valueRequired\": true,\n\t                        \"valueName\": \"search_term_string\"\n\t                    }\n\t                }\n\t            ],\n\t            \"inLanguage\": \"en-CA\"\n\t        },\n\t        {\n\t            \"@type\": \"Organization\",\n\t            \"@id\": \"https:\\\/\\\/www.gslr.ca\\\/#organization\",\n\t            \"name\": \"Municipality of Grenville-sur-la-Rouge\",\n\t            \"url\": \"https:\\\/\\\/www.gslr.ca\\\/\",\n\t            \"logo\": {\n\t                \"@type\": \"ImageObject\",\n\t                \"inLanguage\": \"en-CA\",\n\t                \"@id\": \"https:\\\/\\\/www.gslr.ca\\\/#\\\/schema\\\/logo\\\/image\\\/\",\n\t                \"url\": \"https:\\\/\\\/www.gslr.ca\\\/wp-content\\\/uploads\\\/2024\\\/10\\\/Favicon.png\",\n\t                \"contentUrl\": \"https:\\\/\\\/www.gslr.ca\\\/wp-content\\\/uploads\\\/2024\\\/10\\\/Favicon.png\",\n\t                \"width\": 512,\n\t                \"height\": 512,\n\t                \"caption\": \"Municipality of Grenville-sur-la-Rouge\"\n\t            },\n\t            \"image\": {\n\t                \"@id\": \"https:\\\/\\\/www.gslr.ca\\\/#\\\/schema\\\/logo\\\/image\\\/\"\n\t            },\n\t            \"sameAs\": [\n\t                \"https:\\\/\\\/www.facebook.com\\\/infogslr\",\n\t                \"https:\\\/\\\/x.com\\\/MunGSRL\"\n\t            ]\n\t        }\n\t    ]\n\t}<\/script>\n<!-- \/ Yoast SEO plugin. -->","yoast_head_json":{"title":"Organizations - Municipality of Grenville-sur-la-Rouge","description":"Local organizations serving Grenville-sur-la-Rouge residents.","robots":{"index":"index","follow":"follow","max-snippet":"max-snippet:-1","max-image-preview":"max-image-preview:large","max-video-preview":"max-video-preview:-1"},"canonical":"https:\/\/www.gslr.ca\/en\/community-life-and-citizen-assistance\/organizations\/","og_locale":"en_US","og_type":"article","og_title":"Organizations - Municipality of Grenville-sur-la-Rouge","og_description":"Local organizations serving Grenville-sur-la-Rouge residents.","og_url":"https:\/\/www.gslr.ca\/en\/community-life-and-citizen-assistance\/organizations\/","og_site_name":"Municipality of Grenville-sur-la-Rouge","article_publisher":"https:\/\/www.facebook.com\/infogslr","article_modified_time":"2026-04-08T15:51:44+00:00","og_image":[{"width":2560,"height":1707,"url":"https:\/\/www.gslr.ca\/wp-content\/uploads\/2024\/10\/0b3c2bb2e868bffb3a30f0e7a11ffd4c-scaled.jpeg","type":"image\/jpeg"}],"twitter_card":"summary_large_image","twitter_site":"@MunGSRL","twitter_misc":{"Est. reading time":"2 minutes"},"schema":{"@context":"https:\/\/schema.org","@graph":[{"@type":"WebPage","@id":"https:\/\/www.gslr.ca\/en\/community-life-and-citizen-assistance\/organizations\/","url":"https:\/\/www.gslr.ca\/en\/community-life-and-citizen-assistance\/organizations\/","name":"Organizations - Municipality of Grenville-sur-la-Rouge","isPartOf":{"@id":"https:\/\/www.gslr.ca\/#website"},"primaryImageOfPage":{"@id":"https:\/\/www.gslr.ca\/en\/community-life-and-citizen-assistance\/organizations\/#primaryimage"},"image":{"@id":"https:\/\/www.gslr.ca\/en\/community-life-and-citizen-assistance\/organizations\/#primaryimage"},"thumbnailUrl":"https:\/\/www.gslr.ca\/wp-content\/uploads\/2024\/10\/0b3c2bb2e868bffb3a30f0e7a11ffd4c-scaled.jpeg","datePublished":"2024-10-02T19:05:12+00:00","dateModified":"2026-04-08T15:51:44+00:00","description":"Local organizations serving Grenville-sur-la-Rouge residents.","breadcrumb":{"@id":"https:\/\/www.gslr.ca\/en\/community-life-and-citizen-assistance\/organizations\/#breadcrumb"},"inLanguage":"en-CA","potentialAction":[{"@type":"ReadAction","target":["https:\/\/www.gslr.ca\/en\/community-life-and-citizen-assistance\/organizations\/"]}]},{"@type":"ImageObject","inLanguage":"en-CA","@id":"https:\/\/www.gslr.ca\/en\/community-life-and-citizen-assistance\/organizations\/#primaryimage","url":"https:\/\/www.gslr.ca\/wp-content\/uploads\/2024\/10\/0b3c2bb2e868bffb3a30f0e7a11ffd4c-scaled.jpeg","contentUrl":"https:\/\/www.gslr.ca\/wp-content\/uploads\/2024\/10\/0b3c2bb2e868bffb3a30f0e7a11ffd4c-scaled.jpeg"},{"@type":"BreadcrumbList","@id":"https:\/\/www.gslr.ca\/en\/community-life-and-citizen-assistance\/organizations\/#breadcrumb","itemListElement":[{"@type":"ListItem","position":1,"name":"Accueil","item":"https:\/\/www.gslr.ca\/en\/"},{"@type":"ListItem","position":2,"name":"Community Life and Citizen Assistance","item":"https:\/\/www.gslr.ca\/en\/community-life-and-citizen-assistance\/"},{"@type":"ListItem","position":3,"name":"Organizations"}]},{"@type":"WebSite","@id":"https:\/\/www.gslr.ca\/#website","url":"https:\/\/www.gslr.ca\/","name":"Municipalit\u00e9 de Grenville-sur-la-Rouge","description":"","publisher":{"@id":"https:\/\/www.gslr.ca\/#organization"},"potentialAction":[{"@type":"SearchAction","target":{"@type":"EntryPoint","urlTemplate":"https:\/\/www.gslr.ca\/?s={search_term_string}"},"query-input":{"@type":"PropertyValueSpecification","valueRequired":true,"valueName":"search_term_string"}}],"inLanguage":"en-CA"},{"@type":"Organization","@id":"https:\/\/www.gslr.ca\/#organization","name":"Municipality of Grenville-sur-la-Rouge","url":"https:\/\/www.gslr.ca\/","logo":{"@type":"ImageObject","inLanguage":"en-CA","@id":"https:\/\/www.gslr.ca\/#\/schema\/logo\/image\/","url":"https:\/\/www.gslr.ca\/wp-content\/uploads\/2024\/10\/Favicon.png","contentUrl":"https:\/\/www.gslr.ca\/wp-content\/uploads\/2024\/10\/Favicon.png","width":512,"height":512,"caption":"Municipality of Grenville-sur-la-Rouge"},"image":{"@id":"https:\/\/www.gslr.ca\/#\/schema\/logo\/image\/"},"sameAs":["https:\/\/www.facebook.com\/infogslr","https:\/\/x.com\/MunGSRL"]}]}},"_links":{"self":[{"href":"https:\/\/www.gslr.ca\/en\/wp-json\/wp\/v2\/pages\/1188","targetHints":{"allow":["GET"]}}],"collection":[{"href":"https:\/\/www.gslr.ca\/en\/wp-json\/wp\/v2\/pages"}],"about":[{"href":"https:\/\/www.gslr.ca\/en\/wp-json\/wp\/v2\/types\/page"}],"author":[{"embeddable":true,"href":"https:\/\/www.gslr.ca\/en\/wp-json\/wp\/v2\/users\/1"}],"replies":[{"embeddable":true,"href":"https:\/\/www.gslr.ca\/en\/wp-json\/wp\/v2\/comments?post=1188"}],"version-history":[{"count":2,"href":"https:\/\/www.gslr.ca\/en\/wp-json\/wp\/v2\/pages\/1188\/revisions"}],"predecessor-version":[{"id":4726,"href":"https:\/\/www.gslr.ca\/en\/wp-json\/wp\/v2\/pages\/1188\/revisions\/4726"}],"up":[{"embeddable":true,"href":"https:\/\/www.gslr.ca\/en\/wp-json\/wp\/v2\/pages\/1180"}],"wp:attachment":[{"href":"https:\/\/www.gslr.ca\/en\/wp-json\/wp\/v2\/media?parent=1188"}],"curies":[{"name":"wp","href":"https:\/\/api.w.org\/{rel}","templated":true}]}}